{"id":889,"date":"2024-07-24T19:37:43","date_gmt":"2024-07-24T19:37:43","guid":{"rendered":"https:\/\/notamomentlost.com\/product\/kein-augenblick-ging-verloren\/"},"modified":"2026-03-03T13:45:53","modified_gmt":"2026-03-03T11:45:53","slug":"kein-augenblick-ging-verloren","status":"publish","type":"product","link":"https:\/\/notamomentlost.com\/de\/produkt\/kein-augenblick-ging-verloren\/","title":{"rendered":"Kein Augenblick ging verloren!"},"content":{"rendered":"<p>\u201eKein Augenblick verloren\u201c ist eine Online-Fotogalerie, ein gemeinsames digitales Album, auf das alle G\u00e4ste und Freunde deiner Hochzeit, Party oder anderer gesellschaftlicher Veranstaltungen leicht zug\u00e4nglich machen, um Fotos und Videos des Tages hochzuladen. Also kannst du dir sicher sein, dass kein einziger Augenblick verloren ist! <\/p>\n<p>Wie wird es durchgef\u00fchrt?<\/p>\n<p>Schritt 1 \u2013 Heutzutage hat jeder ein Smartphone, und Ihre G\u00e4ste werden am Tag der Veranstaltung viele Fotos und Videos machen.<\/p>\n<p>Schritt 2 \u2013 Du k\u00f6nntest deinen individuellen QR-Code auf einem St\u00e4nder oder auf einer gedruckten Karte am Veranstaltungsort oder auf Empfangstischen ausstellen usw., damit deine G\u00e4ste den QR-Code scannen und ihre Fotos und Videos hochladen k\u00f6nnen.<\/p>\n<p>Schritt 3 \u2013 Scrollen Sie durch die Fotos und Videos des Tages, die alle geteilt haben, l\u00e4dst du sie herunter oder teilst du sie mit anderen Freunden.<\/p>\n<p>Sie und Ihre G\u00e4ste m\u00fcssen weder eine mobile Anwendung installieren noch ein Konto erstellen, um sich anzumelden und den Service nutzen zu k\u00f6nnen.<\/p>\n","protected":false},"excerpt":{"rendered":"<p>Eine Online-Galerie, in der alle Teilnehmer deiner Veranstaltung ihre Fotos und Videos einfach hochladen und teilen k\u00f6nnen. Mithilfe eines QR-Codes, den du bei der Veranstaltung ausstellen wirst, werden deine Freunde und G\u00e4ste direkt auf die Online-Galerie angewiesen <\/p>\n<ul>\n<li>Unbegrenzte Uploads<\/li>\n<li>Live-Diashow-Funktion<\/li>\n<\/ul>\n","protected":false},"featured_media":884,"comment_status":"open","ping_status":"closed","template":"","meta":{"site-sidebar-layout":"default","site-content-layout":"","ast-site-content-layout":"default","site-content-style":"default","site-sidebar-style":"default","ast-global-header-display":"","ast-banner-title-visibility":"","ast-main-header-display":"","ast-hfb-above-header-display":"","ast-hfb-below-header-display":"","ast-hfb-mobile-header-display":"","site-post-title":"","ast-breadcrumbs-content":"","ast-featured-img":"","footer-sml-layout":"","ast-disable-related-posts":"","theme-transparent-header-meta":"default","adv-header-id-meta":"","stick-header-meta":"","header-above-stick-meta":"","header-main-stick-meta":"","header-below-stick-meta":"","astra-migrate-meta-layouts":"default","ast-page-background-enabled":"default","ast-page-background-meta":{"desktop":{"background-color":"var(--ast-global-color-4)","background-image":"","background-repeat":"repeat","background-position":"center center","background-size":"auto","background-attachment":"scroll","background-type":"","background-media":"","overlay-type":"","overlay-color":"","overlay-opacity":"","overlay-gradient":""},"tablet":{"background-color":"","background-image":"","background-repeat":"repeat","background-position":"center center","background-size":"auto","background-attachment":"scroll","background-type":"","background-media":"","overlay-type":"","overlay-color":"","overlay-opacity":"","overlay-gradient":""},"mobile":{"background-color":"","background-image":"","background-repeat":"repeat","background-position":"center center","background-size":"auto","background-attachment":"scroll","background-type":"","background-media":"","overlay-type":"","overlay-color":"","overlay-opacity":"","overlay-gradient":""}},"ast-content-background-meta":{"desktop":{"background-color":"var(--ast-global-color-5)","background-image":"","background-repeat":"repeat","background-position":"center center","background-size":"auto","background-attachment":"scroll","background-type":"","background-media":"","overlay-type":"","overlay-color":"","overlay-opacity":"","overlay-gradient":""},"tablet":{"background-color":"var(--ast-global-color-5)","background-image":"","background-repeat":"repeat","background-position":"center center","background-size":"auto","background-attachment":"scroll","background-type":"","background-media":"","overlay-type":"","overlay-color":"","overlay-opacity":"","overlay-gradient":""},"mobile":{"background-color":"var(--ast-global-color-5)","background-image":"","background-repeat":"repeat","background-position":"center center","background-size":"auto","background-attachment":"scroll","background-type":"","background-media":"","overlay-type":"","overlay-color":"","overlay-opacity":"","overlay-gradient":""}}},"product_brand":[],"product_cat":[53],"product_tag":[],"class_list":{"0":"post-889","1":"product","2":"type-product","3":"status-publish","4":"has-post-thumbnail","6":"product_cat-uncategorized","7":"desktop-align-left","8":"tablet-align-left","9":"mobile-align-left","10":"wcpa_has_options","12":"first","13":"instock","14":"sold-individually","15":"taxable","16":"shipping-taxable","17":"purchasable","18":"product-type-variable","19":"has-default-attributes"},"wcpa_form_fields":{"wcpaData":{"product":{"product_price":35.09,"price_html":"<span class=\"woocommerce-Price-amount amount\" aria-hidden=\"true\"><bdi><span class=\"woocommerce-Price-currencySymbol\">&#36;<\/span>35.09<\/bdi><\/span> <span aria-hidden=\"true\"> \u2013 <\/span> <span class=\"woocommerce-Price-amount amount\" aria-hidden=\"true\"><bdi><span class=\"woocommerce-Price-currencySymbol\">&#36;<\/span>44.45<\/bdi><\/span><span class=\"screen-reader-text\">Preisspanne: &#36;35.09 bis &#36;44.45<\/span> <small class=\"woocommerce-price-suffix\">inc. VAT<\/small>","original_product_price":35.09,"price_including_tax":35.09,"price_excluding_tax":28.298387000000005,"product_id":{"parent":889,"variation":false},"is_variable":true,"stock_status":"instock","stock_quantity":null,"parent_sku":"","product_attributes":{"pa_logo":{"is_variation":true,"values":[]}},"custom_fields":[],"is_taxable":true,"product_name":"Kein Augenblick ging verloren!","hasImage":false},"fields":{"sec_269edd3a0ca5b1":{"extra":{"key":"sec_269edd3a0ca5b1","section_id":"sec_269edd3a0ca5b1","name":"Logo Section","status":1,"cl_rule":"show","enableCl":true,"relations":[{"operator":false,"rules":[{"operator":"AND","rules":{"cl_field":"product_ids","cl_relation":"is","cl_val":897}}]}],"toggle":true,"title_tag":"h4","show_title":false,"showPrice":"default","repeater_section_field_label":"{field_label}","repeater_section_label":"{section_name}","repeater_bind":"","form_id":1342,"form_rules":{"exclude_from_discount":false,"fee_label":"Fee","disp_hide_options_price":false,"disp_show_section_price":false,"disp_show_field_price":true,"layout_option":"standard","pric_use_as_fee":false,"process_fee_as":"woo_fee"},"layout_option":"standard"},"fields":[[{"active":true,"col":6,"relations":[{"operator":false,"rules":[{"operator":"AND","rules":{"cl_field":"product_ids","cl_relation":"is","cl_val":"47"}}]}],"cl_rule":"show","enableCl":false,"price":"","enablePrice":false,"className":"","label_position":"default","desc_position":"default","type":"file","required":false,"elementId":"file_069edd3a0ca5d2","name":"file_069edd3a0ca5d2","label":"Upload your personal logo (optional)","upload_type":"droppable","uploadSize":"2","file_types":["images"],"error":false,"description":"Upload your own custom logo image as .png, .jpg, .jpeg or .gif file format with a maximum size of 2 MB","exts_supported":["jpg","jpeg","png","gif"],"enableDesign":false,"isWeightTemplate":false,"isTemplate":false,"min_quantity":"1","quantity_decimal":false,"quantity_step":"1","quantity_label":"Quantity","repeater_field_label":"{field_label}","repeater_bind":"","allowedFileTypes":".jpg,.jpeg,.png,.gif,image\/*","gt_translate_keys":["label","description","repeater_field_label","quantity_label"],"price_dependency":false,"cl_dependency":false,"value":""}]]},"sec_669edd3a0ca5d4":{"extra":{"key":"sec_669edd3a0ca5d4","section_id":"sec_669edd3a0ca5d4","name":"Plan Section","status":1,"cl_rule":"show","enableCl":false,"relations":[],"toggle":true,"title_tag":"h3","show_title":false,"showPrice":"default","repeater_section_field_label":"{field_label}","repeater_section_label":"{section_name}","repeater_bind":"","form_id":1342,"form_rules":{"exclude_from_discount":false,"fee_label":"Fee","disp_hide_options_price":false,"disp_show_section_price":false,"disp_show_field_price":true,"layout_option":"standard","pric_use_as_fee":false,"process_fee_as":"woo_fee"},"layout_option":"standard"},"fields":[[{"active":true,"col":6,"relations":false,"cl_rule":"show","enableCl":false,"price":"","enablePrice":true,"className":"","label_position":"default","desc_position":"default","type":"radio-group","required":false,"elementId":"radio-group_069edd3a0ca5df","label":"Select your plan","name":"radio-group_069edd3a0ca5df","values":[{"label":"Basic Plan","value":"Option - 1","selected":true,"tempId":"aco_501","price":"","gt_translate_keys":["label"]},{"label":"Privacy Upgrade","value":"Option - 2","selected":false,"tempId":"aco_502","price":"8","options_cl":false,"relations":[{"operator":false,"rules":[{"operator":"AND","rules":{"cl_field":"","cl_relation":"","cl_val":""}}]}],"cl_rule":"show","gt_translate_keys":["label"]}],"isWeightTemplate":false,"error":false,"isTemplate":false,"layOut":"","checkUi":"","min_quantity":"1","quantity_decimal":false,"quantity_step":"1","quantity_label":"Quantity","repeater_field_label":"{field_label}","repeater_bind":"","priceOptions":"different_for_all","pricingType":"fixed","gt_translate_keys":["label","repeater_field_label","quantity_label"],"price_dependency":false,"cl_dependency":[false,"content_069edd3a0ca5ec",false,"content_569edd3a0ca5f6"],"value":""}]]},"sec_669edd3a0ca5e0":{"extra":{"key":"sec_669edd3a0ca5e0","section_id":"sec_669edd3a0ca5e0","name":"Basic Plan Features","status":1,"cl_rule":"show","enableCl":true,"relations":[{"operator":false,"rules":[{"operator":"AND","rules":{"cl_field":"radio-group_069edd3a0ca5df","cl_relation":"is","cl_val":"Option - 1"}}]}],"toggle":true,"title_tag":"h4","show_title":false,"showPrice":"default","repeater_section_field_label":"{field_label}","repeater_section_label":"{section_name}","repeater_bind":"","form_id":1342,"form_rules":{"exclude_from_discount":false,"fee_label":"Fee","disp_hide_options_price":false,"disp_show_section_price":false,"disp_show_field_price":true,"layout_option":"standard","pric_use_as_fee":false,"process_fee_as":"woo_fee"},"layout_option":"standard"},"fields":[[{"active":true,"col":6,"relations":false,"cl_rule":"show","enableCl":false,"price":"","enablePrice":false,"className":"","label_position":"default","desc_position":"default","type":"header","required":false,"elementId":"header_269edd3a0ca5e6","label":"Basic plan features","subtype":"h3","error":false,"gt_translate_keys":["label"],"price_dependency":false,"cl_dependency":false,"value":""}],[{"active":true,"col":6,"relations":[{"operator":false,"rules":[{"operator":"AND","rules":{"cl_field":"radio-group_069edd3a0ca5df","cl_relation":"is","cl_val":"Option - 1"}}]}],"cl_rule":"show","enableCl":true,"price":"","enablePrice":false,"className":"","label_position":"default","desc_position":"default","type":"content","required":false,"elementId":"content_069edd3a0ca5ec","label":"","name":"content_069edd3a0ca5ec","contentType":"rich","value":"<ul>\n  <li>Upload for all<\/li>\n  <li>View and share for all<\/li>\n  <li>Download for all<\/li>\n<\/ul>","isTemplate":false,"error":false,"subtype":"p","gt_translate_keys":["label","value"],"price_dependency":false,"cl_dependency":false}]]},"sec_969edd3a0ca5ed":{"extra":{"key":"sec_969edd3a0ca5ed","section_id":"sec_969edd3a0ca5ed","name":"Privacy Upgrade","status":1,"cl_rule":"show","enableCl":true,"relations":[{"operator":false,"rules":[{"operator":"AND","rules":{"cl_field":"radio-group_069edd3a0ca5df","cl_relation":"is","cl_val":"Option - 2"}}]}],"toggle":true,"title_tag":"h4","show_title":false,"showPrice":"default","repeater_section_field_label":"{field_label}","repeater_section_label":"{section_name}","repeater_bind":"","form_id":1342,"form_rules":{"exclude_from_discount":false,"fee_label":"Fee","disp_hide_options_price":false,"disp_show_section_price":false,"disp_show_field_price":true,"layout_option":"standard","pric_use_as_fee":false,"process_fee_as":"woo_fee"},"layout_option":"standard"},"fields":[[{"active":true,"col":6,"relations":false,"cl_rule":"show","enableCl":false,"price":"","enablePrice":false,"className":"","label_position":"default","desc_position":"default","type":"header","required":false,"elementId":"header_569edd3a0ca5f1","label":"Privacy Upgrade","subtype":"h3","error":false,"gt_translate_keys":["label"],"price_dependency":false,"cl_dependency":false,"value":""}],[{"contentType":"rich","active":true,"label":"","elementId":"content_569edd3a0ca5f6","value":"<ul>\n  <li>Upload for all<\/li>\n  <li>View for all (low resolution)<\/li>\n  <li>Full resolution download only with host code<\/li>\n<\/ul>","name":"content_569edd3a0ca5f6","enablePrice":false,"className":"","subtype":"p","enableCl":true,"relations":[{"operator":false,"rules":[{"operator":"AND","rules":{"cl_field":"radio-group_069edd3a0ca5df","cl_relation":"is","cl_val":"Option - 2"}}]}],"enableDesign":true,"isTemplate":false,"price":"","cl_rule":"show","col":6,"type":"content","error":false,"gt_translate_keys":["label","value"],"price_dependency":false,"cl_dependency":false}]]},"sec_769edd3a0ca5f7":{"extra":{"key":"sec_769edd3a0ca5f7","section_id":"sec_769edd3a0ca5f7","name":"Standard section","status":1,"cl_rule":"show","enableCl":false,"relations":[],"toggle":true,"title_tag":"h4","show_title":false,"showPrice":"default","repeater_section_field_label":"{field_label}","repeater_section_label":"{section_name}","repeater_bind":"","form_id":1342,"form_rules":{"exclude_from_discount":false,"fee_label":"Fee","disp_hide_options_price":false,"disp_show_section_price":false,"disp_show_field_price":true,"layout_option":"standard","pric_use_as_fee":false,"process_fee_as":"woo_fee"},"layout_option":"standard"},"fields":[[{"active":true,"col":6,"relations":false,"cl_rule":"show","enableCl":false,"price":"","enablePrice":false,"className":"","label_position":"default","desc_position":"default","type":"text","subtype":"text","required":false,"elementId":"text_869edd3a0ca5fc","label":"Gallery name","name":"text_869edd3a0ca5fc","value":"","error":false,"description":"If left blank the gallery will be named \"Not a Moment Lost\"","isWeightTemplate":false,"isTemplate":false,"min_quantity":"1","quantity_decimal":false,"quantity_step":"1","quantity_label":"Quantity","repeater_field_label":"{field_label}","repeater_bind":"","gt_translate_keys":["label","description","value","repeater_field_label","quantity_label"],"price_dependency":false,"cl_dependency":false}],[{"active":true,"col":6,"relations":false,"cl_rule":"show","enableCl":false,"price":"","enablePrice":true,"className":"","label_position":"default","desc_position":"default","type":"select","required":true,"elementId":"select_669edd3a0ca600","label":"Gallery duration","name":"select_669edd3a0ca600","values":[{"label":"6 months","value":"6-months","selected":true,"tempId":"aco_1163","price":"0","gt_translate_keys":["label"]},{"label":"12 months","value":"12-months","selected":false,"tempId":"aco_1165","price":"14","gt_translate_keys":["label"]}],"dropdown_type":"basic","error":false,"priceOptions":"different_for_all","pricingType":"fixed","gt_translate_keys":["label"],"price_dependency":false,"cl_dependency":false,"value":""}]]},"sec_h25j131wi5":{"extra":{"key":"sec_h25j131wi5","section_id":"sec_h25j131wi5","name":"Template selection","status":1,"cl_rule":"show","enableCl":false,"relations":[],"toggle":true,"title_tag":"h4","show_title":false,"showPrice":"default","repeater_section_field_label":"{field_label}","repeater_section_label":"{section_name}","repeater_bind":"","form_id":1342,"form_rules":{"exclude_from_discount":false,"fee_label":"Fee","disp_hide_options_price":false,"disp_show_section_price":false,"disp_show_field_price":true,"layout_option":"standard","pric_use_as_fee":false,"process_fee_as":"woo_fee"},"layout_option":"standard"},"fields":[[{"active":true,"col":6,"relations":false,"cl_rule":"show","enableCl":false,"price":"","enablePrice":false,"className":"","label_position":"default","desc_position":"default","type":"header","required":false,"elementId":"header_5989911862","label":"Select a template","subtype":"h3","error":false,"gt_translate_keys":["label"],"price_dependency":false,"cl_dependency":false,"value":""}],[{"active":true,"col":6,"relations":false,"cl_rule":"show","enableCl":false,"price":"","enablePrice":false,"className":"","label_position":"default","desc_position":"default","type":"image-group","required":false,"elementId":"image_9405210977","label":"Image Field","name":"image_9405210977","enable_popup":"all","multiple":false,"layOut":"inline","img_selection_type":"outline","disp_type":"square","values":[{"label":"I\u2019ll use my template","value":"No-Template","selected":true,"image":"https:\/\/notamomentlost.com\/wp-content\/uploads\/2026\/04\/Porselani_background_00.jpg","thumb":"https:\/\/notamomentlost.com\/wp-content\/uploads\/2026\/04\/Porselani_background_00-150x150.jpg","tempId":"aco_402","image_id":1361,"thumb_src":"https:\/\/notamomentlost.com\/wp-content\/uploads\/2026\/04\/Porselani_background_00-100x100.jpg","gt_translate_keys":["label"]},{"label":"Template 1","value":"Template-1","selected":false,"image":"https:\/\/notamomentlost.com\/wp-content\/uploads\/2026\/04\/NAML_template_01.jpg","thumb":"https:\/\/notamomentlost.com\/wp-content\/uploads\/2026\/04\/NAML_template_01-150x150.jpg","tempId":"aco_403","image_id":1337,"thumb_src":"https:\/\/notamomentlost.com\/wp-content\/uploads\/2026\/04\/NAML_template_01-100x100.jpg","gt_translate_keys":["label"]},{"label":"Template 2","value":"Template-2","selected":false,"image":"https:\/\/notamomentlost.com\/wp-content\/uploads\/2026\/04\/NAML_template_02.jpg","thumb":"https:\/\/notamomentlost.com\/wp-content\/uploads\/2026\/04\/NAML_template_02-150x150.jpg","tempId":"aco_404","image_id":1333,"thumb_src":"https:\/\/notamomentlost.com\/wp-content\/uploads\/2026\/04\/NAML_template_02-100x100.jpg","gt_translate_keys":["label"]},{"label":"Template 3","value":"Template-3","selected":false,"image":"https:\/\/notamomentlost.com\/wp-content\/uploads\/2026\/04\/NAML_template_03.jpg","thumb":"https:\/\/notamomentlost.com\/wp-content\/uploads\/2026\/04\/NAML_template_03-150x150.jpg","tempId":"aco_837","image_id":1329,"thumb_src":"https:\/\/notamomentlost.com\/wp-content\/uploads\/2026\/04\/NAML_template_03-100x100.jpg","gt_translate_keys":["label"]},{"label":"Template 4","value":"Template-4","selected":false,"image":"https:\/\/notamomentlost.com\/wp-content\/uploads\/2026\/04\/NAML_template_04.jpg","thumb":"https:\/\/notamomentlost.com\/wp-content\/uploads\/2026\/04\/NAML_template_04-150x150.jpg","tempId":"aco_886","image_id":1325,"thumb_src":"https:\/\/notamomentlost.com\/wp-content\/uploads\/2026\/04\/NAML_template_04-100x100.jpg","gt_translate_keys":["label"]},{"label":"Template 5","value":"Template-5","selected":false,"image":"https:\/\/notamomentlost.com\/wp-content\/uploads\/2026\/04\/NAML_template_05.jpg","thumb":"https:\/\/notamomentlost.com\/wp-content\/uploads\/2026\/04\/NAML_template_05-150x150.jpg","tempId":"aco_911","image_id":1321,"thumb_src":"https:\/\/notamomentlost.com\/wp-content\/uploads\/2026\/04\/NAML_template_05-100x100.jpg","gt_translate_keys":["label"]},{"label":"Template 6","value":"Template-6","selected":false,"image":"https:\/\/notamomentlost.com\/wp-content\/uploads\/2026\/04\/NAML_template_06.jpg","thumb":"https:\/\/notamomentlost.com\/wp-content\/uploads\/2026\/04\/NAML_template_06-150x150.jpg","tempId":"aco_936","image_id":1317,"thumb_src":"https:\/\/notamomentlost.com\/wp-content\/uploads\/2026\/04\/NAML_template_06-100x100.jpg","gt_translate_keys":["label"]},{"label":"Template 7","value":"Template-7","selected":false,"image":"https:\/\/notamomentlost.com\/wp-content\/uploads\/2026\/04\/NAML_template_07.jpg","thumb":"https:\/\/notamomentlost.com\/wp-content\/uploads\/2026\/04\/NAML_template_07-150x150.jpg","tempId":"aco_1741","image_id":1313,"thumb_src":"https:\/\/notamomentlost.com\/wp-content\/uploads\/2026\/04\/NAML_template_07-100x100.jpg","gt_translate_keys":["label"]}],"isWeightTemplate":false,"error":false,"isTemplate":false,"img_preview_disable_mobile":true,"disp_size_img":{"width":75,"height":75},"min_quantity":"1","quantity_decimal":false,"quantity_step":"1","quantity_label":"Quantity","repeater_field_label":"{field_label}","repeater_bind":"","img_preview":true,"enableClearSelection":true,"gt_translate_keys":["label","repeater_field_label","quantity_label"],"price_dependency":false,"cl_dependency":false,"value":""}]]}},"config":{"price_override":"","enable_recaptcha":false,"bind_quantity":false,"quantity_bind_formula":false,"disp_summ_show_option_price":true,"disp_summ_show_product_price":true,"disp_summ_show_total_price":true,"disp_summ_show_fee":false,"disp_summ_show_discount":false,"summary_title":"","options_total_label":"Options Price","total_label":"Total","options_product_label":"Product Price","fee_label":"Fee","discount_label":"Discount","has_price":true,"has_quantity_formula":false},"mc_unit":1.169823,"tax_rate":1,"tax_rate_real":0.24,"discount":{"percentage":0,"fixed":0},"design":{"conf":{"LabelPosition":"above","DescPosition":"above","UploadField":"custom_1","QuantityFieldStyle":"default"},"css":{"LeftLabelWidth":"120px"}},"formulas":[],"lookuptables":[],"clones":false,"cartKey":false}},"_links":{"self":[{"href":"https:\/\/notamomentlost.com\/de\/wp-json\/wp\/v2\/product\/889","targetHints":{"allow":["GET"]}}],"collection":[{"href":"https:\/\/notamomentlost.com\/de\/wp-json\/wp\/v2\/product"}],"about":[{"href":"https:\/\/notamomentlost.com\/de\/wp-json\/wp\/v2\/types\/product"}],"replies":[{"embeddable":true,"href":"https:\/\/notamomentlost.com\/de\/wp-json\/wp\/v2\/comments?post=889"}],"version-history":[{"count":2,"href":"https:\/\/notamomentlost.com\/de\/wp-json\/wp\/v2\/product\/889\/revisions"}],"predecessor-version":[{"id":1274,"href":"https:\/\/notamomentlost.com\/de\/wp-json\/wp\/v2\/product\/889\/revisions\/1274"}],"wp:featuredmedia":[{"embeddable":true,"href":"https:\/\/notamomentlost.com\/de\/wp-json\/wp\/v2\/media\/884"}],"wp:attachment":[{"href":"https:\/\/notamomentlost.com\/de\/wp-json\/wp\/v2\/media?parent=889"}],"wp:term":[{"taxonomy":"product_brand","embeddable":true,"href":"https:\/\/notamomentlost.com\/de\/wp-json\/wp\/v2\/product_brand?post=889"},{"taxonomy":"product_cat","embeddable":true,"href":"https:\/\/notamomentlost.com\/de\/wp-json\/wp\/v2\/product_cat?post=889"},{"taxonomy":"product_tag","embeddable":true,"href":"https:\/\/notamomentlost.com\/de\/wp-json\/wp\/v2\/product_tag?post=889"}],"curies":[{"name":"wp","href":"https:\/\/api.w.org\/{rel}","templated":true}]}}